{"id":31500,"date":"2022-08-05T07:46:24","date_gmt":"2022-08-05T05:46:24","guid":{"rendered":"https:\/\/dzygaspaw.com\/juristische-details"},"modified":"2024-07-16T17:29:14","modified_gmt":"2024-07-16T15:29:14","slug":"juristische-details","status":"publish","type":"page","link":"https:\/\/dzygaspaw.com\/de\/juristische-details","title":{"rendered":"Juristische Details"},"content":{"rendered":"\t\t<div data-elementor-type=\"wp-page\" data-elementor-id=\"31500\" class=\"elementor elementor-31500 elementor-934\" data-elementor-post-type=\"page\">\n\t\t\t\t<div class=\"elementor-element elementor-element-10c94f5 e-flex e-con-boxed e-con e-parent\" data-id=\"10c94f5\" data-element_type=\"container\" data-settings=\"{&quot;background_background&quot;:&quot;classic&quot;}\">\n\t\t\t\t\t<div class=\"e-con-inner\">\n\t\t\t\t<div class=\"elementor-element elementor-element-54f1d9a elementor-widget elementor-widget-heading\" data-id=\"54f1d9a\" data-element_type=\"widget\" data-widget_type=\"heading.default\">\n\t\t\t\t<div class=\"elementor-widget-container\">\n\t\t\t<h1 class=\"elementor-heading-title elementor-size-default\">\u00d6ffentlichkeitsinformationen<\/h1>\t\t<\/div>\n\t\t\t\t<\/div>\n\t\t\t\t<div class=\"elementor-element elementor-element-8f82ed9 elementor-widget elementor-widget-text-editor\" data-id=\"8f82ed9\" data-element_type=\"widget\" data-widget_type=\"text-editor.default\">\n\t\t\t\t<div class=\"elementor-widget-container\">\n\t\t\t\t\t\t\t<p>Gemeinn\u00fctzige Organisation Dzyga\u2019s Paw<\/p>\t\t\t\t\t\t<\/div>\n\t\t\t\t<\/div>\n\t\t\t\t\t<\/div>\n\t\t\t\t<\/div>\n\t\t<div class=\"elementor-element elementor-element-bfcb632 e-flex e-con-boxed e-con e-parent\" data-id=\"bfcb632\" data-element_type=\"container\">\n\t\t\t\t\t<div class=\"e-con-inner\">\n\t\t\t\t<div class=\"elementor-element elementor-element-dc1d2fa elementor-widget elementor-widget-text-editor\" data-id=\"dc1d2fa\" data-element_type=\"widget\" data-widget_type=\"text-editor.default\">\n\t\t\t\t<div class=\"elementor-widget-container\">\n\t\t\t\t\t\t\t<p>Vielen Dank f\u00fcr Ihr Interesse an den rechtlichen Aspekten unserer gemeinn\u00fctzigen Arbeit. Wir bem\u00fchen uns um Transparenz und Compliance bei allen unseren Aktivit\u00e4ten. Nachstehend finden Sie die offiziellen rechtlichen Angaben zur \u2018Dzyga\u2019s Paw\u2019 Charity Foundation.<\/p>\t\t\t\t\t\t<\/div>\n\t\t\t\t<\/div>\n\t\t\t\t\t<\/div>\n\t\t\t\t<\/div>\n\t\t<div class=\"elementor-element elementor-element-91a655a e-flex e-con-boxed e-con e-parent\" data-id=\"91a655a\" data-element_type=\"container\">\n\t\t\t\t\t<div class=\"e-con-inner\">\n\t\t\t\t<div class=\"elementor-element elementor-element-da3e7f5 elementor-widget elementor-widget-heading\" data-id=\"da3e7f5\" data-element_type=\"widget\" data-widget_type=\"heading.default\">\n\t\t\t\t<div class=\"elementor-widget-container\">\n\t\t\t<h2 class=\"elementor-heading-title elementor-size-default\">Informationen zur Organisation<\/h2>\t\t<\/div>\n\t\t\t\t<\/div>\n\t\t\t\t\t<\/div>\n\t\t\t\t<\/div>\n\t\t<div class=\"elementor-element elementor-element-8fc8712 e-flex e-con-boxed e-con e-parent\" data-id=\"8fc8712\" data-element_type=\"container\">\n\t\t\t\t\t<div class=\"e-con-inner\">\n\t\t\t\t<div class=\"elementor-element elementor-element-ce9f3c7 elementor-widget elementor-widget-text-editor\" data-id=\"ce9f3c7\" data-element_type=\"widget\" data-widget_type=\"text-editor.default\">\n\t\t\t\t<div class=\"elementor-widget-container\">\n\t\t\t\t\t\t\t<ul>\n<li><strong>Offizieller Name: <\/strong>WOHLT\u00c4TIGKEITSORGANISATION CHARITY FOUNDATION &#8216;DZYGA`S PAW&#8217;<\/li>\n<li><strong>Auf Ukrainisch:<\/strong> \u0411\u041b\u0410\u0413\u041e\u0414\u0406\u0419\u041d\u0410 \u041e\u0420\u0413\u0410\u041d\u0406\u0417\u0410\u0426\u0406\u042f &#8220;\u0411\u041b\u0410\u0413\u041e\u0414\u0406\u0419\u041d\u0418\u0419 \u0424\u041e\u041d\u0414 &#8220;\u041b\u0410\u041f\u041a\u0410 \u0414\u0417\u0418\u0490\u0418&#8221;<\/li>\n<li><strong>Legal Entity ID:<\/strong> 44831336<\/li>\n<li><strong>Gr\u00fcnder:<\/strong> Dmytro Zhluktenko<\/li>\n<li>Leiterin <b>des Fonds<\/b>: Iryna Popowitsch<\/li>\n<li><strong>Standort:<\/strong> Lviv, Ukraine \ud83c\uddfa\ud83c\udde6<\/li>\n<\/ul>\n\t\t\t\t\t\t<\/div>\n\t\t\t\t<\/div>\n\t\t\t\t\t<\/div>\n\t\t\t\t<\/div>\n\t\t<div class=\"elementor-element elementor-element-3de0448 e-flex e-con-boxed e-con e-parent\" data-id=\"3de0448\" data-element_type=\"container\">\n\t\t\t\t\t<div class=\"e-con-inner\">\n\t\t\t\t<div class=\"elementor-element elementor-element-330f035 elementor-widget elementor-widget-heading\" data-id=\"330f035\" data-element_type=\"widget\" data-widget_type=\"heading.default\">\n\t\t\t\t<div class=\"elementor-widget-container\">\n\t\t\t<h2 class=\"elementor-heading-title elementor-size-default\">Rechtliche Einordnung<\/h2>\t\t<\/div>\n\t\t\t\t<\/div>\n\t\t\t\t\t<\/div>\n\t\t\t\t<\/div>\n\t\t<div class=\"elementor-element elementor-element-fbb6afe e-flex e-con-boxed e-con e-parent\" data-id=\"fbb6afe\" data-element_type=\"container\">\n\t\t\t\t\t<div class=\"e-con-inner\">\n\t\t\t\t<div class=\"elementor-element elementor-element-db28513 elementor-widget elementor-widget-text-editor\" data-id=\"db28513\" data-element_type=\"widget\" data-widget_type=\"text-editor.default\">\n\t\t\t\t<div class=\"elementor-widget-container\">\n\t\t\t\t\t\t\t<p><strong>Klassifikation der Wirtschaftszweige:<\/strong> 88.99 (Erbringung von sonstigen sozialen Dienstleistungen)<\/p>\n\t\t\t\t\t\t<\/div>\n\t\t\t\t<\/div>\n\t\t\t\t\t<\/div>\n\t\t\t\t<\/div>\n\t\t<div class=\"elementor-element elementor-element-f6390f4 e-flex e-con-boxed e-con e-parent\" data-id=\"f6390f4\" data-element_type=\"container\">\n\t\t\t\t\t<div class=\"e-con-inner\">\n\t\t\t\t<div class=\"elementor-element elementor-element-66dc4e7 elementor-widget elementor-widget-heading\" data-id=\"66dc4e7\" data-element_type=\"widget\" data-widget_type=\"heading.default\">\n\t\t\t\t<div class=\"elementor-widget-container\">\n\t\t\t<h2 class=\"elementor-heading-title elementor-size-default\">Auftrag und Engagement<br><\/h2>\t\t<\/div>\n\t\t\t\t<\/div>\n\t\t\t\t\t<\/div>\n\t\t\t\t<\/div>\n\t\t<div class=\"elementor-element elementor-element-a1bd19b e-flex e-con-boxed e-con e-parent\" data-id=\"a1bd19b\" data-element_type=\"container\">\n\t\t\t\t\t<div class=\"e-con-inner\">\n\t\t\t\t<div class=\"elementor-element elementor-element-c223827 elementor-widget elementor-widget-text-editor\" data-id=\"c223827\" data-element_type=\"widget\" data-widget_type=\"text-editor.default\">\n\t\t\t\t<div class=\"elementor-widget-container\">\n\t\t\t\t\t\t\t<p>Dzyga&#8217;s Paw wurde im Jahr 2022 von Dmytro Zhluktenko gegr\u00fcndet. Wir verpflichten uns, das ukrainische Milit\u00e4r zu unterst\u00fctzen und dabei sicherzustellen, dass unsere Operationen in voller \u00dcbereinstimmung mit den gesetzlichen und finanziellen Vorschriften in der Ukraine und im Ausland erfolgen. Um die Transparenz zu erh\u00f6hen und die Zusammenarbeit zu erleichtern, sind wir in der Ukraine als gemeinn\u00fctzige Organisation registriert.<\/p>\n\t\t\t\t\t\t<\/div>\n\t\t\t\t<\/div>\n\t\t\t\t\t<\/div>\n\t\t\t\t<\/div>\n\t\t<div class=\"elementor-element elementor-element-f46d209 e-flex e-con-boxed e-con e-parent\" data-id=\"f46d209\" data-element_type=\"container\">\n\t\t\t\t\t<div class=\"e-con-inner\">\n\t\t\t\t<div class=\"elementor-element elementor-element-535f80a elementor-widget elementor-widget-heading\" data-id=\"535f80a\" data-element_type=\"widget\" data-widget_type=\"heading.default\">\n\t\t\t\t<div class=\"elementor-widget-container\">\n\t\t\t<h2 class=\"elementor-heading-title elementor-size-default\">Dokumentation<\/h2>\t\t<\/div>\n\t\t\t\t<\/div>\n\t\t\t\t\t<\/div>\n\t\t\t\t<\/div>\n\t\t<div class=\"elementor-element elementor-element-50e5f86 e-flex e-con-boxed e-con e-parent\" data-id=\"50e5f86\" data-element_type=\"container\">\n\t\t\t\t\t<div class=\"e-con-inner\">\n\t\t\t\t<div class=\"elementor-element elementor-element-cfd9967 elementor-widget elementor-widget-text-editor\" data-id=\"cfd9967\" data-element_type=\"widget\" data-widget_type=\"text-editor.default\">\n\t\t\t\t<div class=\"elementor-widget-container\">\n\t\t\t\t\t\t\t<p>Zur weiteren Untermauerung unserer rechtlichen Stellung stellen wir Ihnen die folgenden Dokumente zur Verf\u00fcgung:<\/p><ul><li><strong><a href=\"https:\/\/dzygaspaw.com\/wp-content\/uploads\/2024\/02\/%D0%A1%D1%82%D0%B0%D1%82%D1%83%D1%82_%D0%BF%D1%80%D0%BE%D1%88%D0%B8%D1%82%D0%B8%D0%B9.pdf\" target=\"_blank\" rel=\"noopener\">Charta (\u0421\u0442\u0430\u0442\u0443\u0442)<\/a><br \/><\/strong><\/li><li><a href=\"https:\/\/dzygaspaw.com\/wp-content\/uploads\/2024\/02\/yedr_vypyska_new.pdf\" target=\"_blank\" rel=\"noopener\"><strong>Auszug aus dem Unified State Register (\u0404\u0414\u0420)<\/strong><\/a><\/li><li><strong><a href=\"https:\/\/dzygaspaw.com\/wp-content\/uploads\/2024\/02\/dovidka_pro_neprybutkovist.pdf\" target=\"_blank\" rel=\"noopener\">Auszug aus dem Register der Non-Profit-Organisationen<\/a><\/strong><\/li><\/ul><p>\u00a0<\/p><p>Diese Dokumente dienen als Nachweis f\u00fcr unsere rechtliche Struktur, unsere Aktivit\u00e4ten und unseren gemeinn\u00fctzigen Status.<\/p><p>Wir wissen Ihre Unterst\u00fctzung zu sch\u00e4tzen und wollen mit Ihrer Hilfe weiterhin etwas bewirken.<br \/>Wenn Sie Fragen haben oder zus\u00e4tzliche Informationen ben\u00f6tigen, k\u00f6nnen Sie uns gerne kontaktieren unter <a href=\"mailto:hello@dzygaspaw.com\"><br \/><strong>hello@dzygaspaw.com.<\/strong><br \/><\/a>Danke, dass Sie Teil der Dzyga&#8217;s Paw Charity Foundation sind!<\/p>\t\t\t\t\t\t<\/div>\n\t\t\t\t<\/div>\n\t\t\t\t\t<\/div>\n\t\t\t\t<\/div>\n\t\t\t\t<\/div>\n\t\t","protected":false},"excerpt":{"rendered":"<p>\u00d6ffentlichkeitsinformationen Gemeinn\u00fctzige Organisation Dzyga\u2019s Paw Vielen Dank f\u00fcr Ihr Interesse an den rechtlichen Aspekten unserer gemeinn\u00fctzigen Arbeit. Wir bem\u00fchen uns um Transparenz und Compliance bei allen unseren Aktivit\u00e4ten. Nachstehend finden Sie die offiziellen rechtlichen Angaben zur \u2018Dzyga\u2019s Paw\u2019 Charity Foundation. Informationen zur Organisation Offizieller Name: WOHLT\u00c4TIGKEITSORGANISATION CHARITY FOUNDATION &#8216;DZYGA`S PAW&#8217; Auf Ukrainisch: \u0411\u041b\u0410\u0413\u041e\u0414\u0406\u0419\u041d\u0410 \u041e\u0420\u0413\u0410\u041d\u0406\u0417\u0410\u0426\u0406\u042f &#8220;\u0411\u041b\u0410\u0413\u041e\u0414\u0406\u0419\u041d\u0418\u0419 [&hellip;]<\/p>\n","protected":false},"author":2,"featured_media":0,"parent":0,"menu_order":0,"comment_status":"closed","ping_status":"closed","template":"","meta":{"_acf_changed":false,"footnotes":""},"class_list":["post-31500","page","type-page","status-publish","hentry"],"acf":[],"_links":{"self":[{"href":"https:\/\/dzygaspaw.com\/de\/wp-json\/wp\/v2\/pages\/31500"}],"collection":[{"href":"https:\/\/dzygaspaw.com\/de\/wp-json\/wp\/v2\/pages"}],"about":[{"href":"https:\/\/dzygaspaw.com\/de\/wp-json\/wp\/v2\/types\/page"}],"author":[{"embeddable":true,"href":"https:\/\/dzygaspaw.com\/de\/wp-json\/wp\/v2\/users\/2"}],"replies":[{"embeddable":true,"href":"https:\/\/dzygaspaw.com\/de\/wp-json\/wp\/v2\/comments?post=31500"}],"version-history":[{"count":4,"href":"https:\/\/dzygaspaw.com\/de\/wp-json\/wp\/v2\/pages\/31500\/revisions"}],"predecessor-version":[{"id":31682,"href":"https:\/\/dzygaspaw.com\/de\/wp-json\/wp\/v2\/pages\/31500\/revisions\/31682"}],"wp:attachment":[{"href":"https:\/\/dzygaspaw.com\/de\/wp-json\/wp\/v2\/media?parent=31500"}],"curies":[{"name":"wp","href":"https:\/\/api.w.org\/{rel}","templated":true}]}}