{"id":31498,"date":"2024-01-19T17:40:28","date_gmt":"2024-01-19T15:40:28","guid":{"rendered":"https:\/\/dzygaspaw.com\/cookies-richtlinie"},"modified":"2024-07-16T17:14:05","modified_gmt":"2024-07-16T15:14:05","slug":"cookies-richtlinie","status":"publish","type":"page","link":"https:\/\/dzygaspaw.com\/de\/cookies-richtlinie","title":{"rendered":"Cookies-Richtlinie"},"content":{"rendered":"\t\t<div data-elementor-type=\"wp-page\" data-elementor-id=\"31498\" class=\"elementor elementor-31498 elementor-21906\" data-elementor-post-type=\"page\">\n\t\t\t\t<div class=\"elementor-element elementor-element-866189e e-flex e-con-boxed e-con e-parent\" data-id=\"866189e\" data-element_type=\"container\" data-settings=\"{&quot;background_background&quot;:&quot;classic&quot;}\">\n\t\t\t\t\t<div class=\"e-con-inner\">\n\t\t\t\t<div class=\"elementor-element elementor-element-ac04410 elementor-widget elementor-widget-heading\" data-id=\"ac04410\" data-element_type=\"widget\" data-widget_type=\"heading.default\">\n\t\t\t\t<div class=\"elementor-widget-container\">\n\t\t\t<h1 class=\"elementor-heading-title elementor-size-default\">Cookies-Richtlinie<\/h1>\t\t<\/div>\n\t\t\t\t<\/div>\n\t\t\t\t<div class=\"elementor-element elementor-element-4558e6d elementor-widget elementor-widget-text-editor\" data-id=\"4558e6d\" data-element_type=\"widget\" data-widget_type=\"text-editor.default\">\n\t\t\t\t<div class=\"elementor-widget-container\">\n\t\t\t\t\t\t\t<p>Zuletzt \u00fcberarbeitet am 17\/01\/2024<\/p>\n\t\t\t\t\t\t<\/div>\n\t\t\t\t<\/div>\n\t\t\t\t\t<\/div>\n\t\t\t\t<\/div>\n\t\t<div class=\"elementor-element elementor-element-5bded3f e-flex e-con-boxed e-con e-parent\" data-id=\"5bded3f\" data-element_type=\"container\">\n\t\t\t\t\t<div class=\"e-con-inner\">\n\t\t\t\t<div class=\"elementor-element elementor-element-39ff527 elementor-widget elementor-widget-text-editor\" data-id=\"39ff527\" data-element_type=\"widget\" data-widget_type=\"text-editor.default\">\n\t\t\t\t<div class=\"elementor-widget-container\">\n\t\t\t\t\t\t\t<p>Wir m\u00f6chten Sie dar\u00fcber informieren, dass wir Cookies oder \u00e4hnliche Technologien verwenden, um Trends zu analysieren, die Website zu verwalten, die Bewegungen der Nutzer*innen auf der Website zu verfolgen und demografische Informationen \u00fcber unsere Benutzerbasis insgesamt zu sammeln.<\/p>\t\t\t\t\t\t<\/div>\n\t\t\t\t<\/div>\n\t\t\t\t\t<\/div>\n\t\t\t\t<\/div>\n\t\t<div class=\"elementor-element elementor-element-114cc0d e-flex e-con-boxed e-con e-parent\" data-id=\"114cc0d\" data-element_type=\"container\">\n\t\t\t\t\t<div class=\"e-con-inner\">\n\t\t\t\t<div class=\"elementor-element elementor-element-b10cad5 elementor-widget elementor-widget-heading\" data-id=\"b10cad5\" data-element_type=\"widget\" data-widget_type=\"heading.default\">\n\t\t\t\t<div class=\"elementor-widget-container\">\n\t\t\t<h2 class=\"elementor-heading-title elementor-size-default\">Zwecke der Verwendung von Cookies<\/h2>\t\t<\/div>\n\t\t\t\t<\/div>\n\t\t\t\t\t<\/div>\n\t\t\t\t<\/div>\n\t\t<div class=\"elementor-element elementor-element-adf4f38 e-flex e-con-boxed e-con e-parent\" data-id=\"adf4f38\" data-element_type=\"container\">\n\t\t\t\t\t<div class=\"e-con-inner\">\n\t\t\t\t<div class=\"elementor-element elementor-element-40f6c2e elementor-widget elementor-widget-text-editor\" data-id=\"40f6c2e\" data-element_type=\"widget\" data-widget_type=\"text-editor.default\">\n\t\t\t\t<div class=\"elementor-widget-container\">\n\t\t\t\t\t\t\t<p>Cookies sind kleine Dateien, die im Speicher des Ger\u00e4ts des Nutzers gespeichert werden, w\u00e4hrend er auf der Website surft.<br \/>Sie enthalten Daten, die es uns erm\u00f6glichen, die Nutzung der Website f\u00fcr jeden einzelnen Nutzer bequemer zu gestalten.<br \/>Die Verarbeitung von Cookies hilft uns, die Einstellungen aller Nutzer*innen auf der Grundlage ihrer fr\u00fcheren und aktuellen Aktivit\u00e4ten auf der Website zu personalisieren sowie die Effizienz der Website und die Sicherheit bei ihrer Nutzung zu erh\u00f6hen.<\/p>\t\t\t\t\t\t<\/div>\n\t\t\t\t<\/div>\n\t\t\t\t\t<\/div>\n\t\t\t\t<\/div>\n\t\t<div class=\"elementor-element elementor-element-a09bfbc e-flex e-con-boxed e-con e-parent\" data-id=\"a09bfbc\" data-element_type=\"container\">\n\t\t\t\t\t<div class=\"e-con-inner\">\n\t\t\t\t<div class=\"elementor-element elementor-element-f93af6c elementor-widget elementor-widget-heading\" data-id=\"f93af6c\" data-element_type=\"widget\" data-widget_type=\"heading.default\">\n\t\t\t\t<div class=\"elementor-widget-container\">\n\t\t\t<h2 class=\"elementor-heading-title elementor-size-default\">Die Arten von Cookies, die wir verwenden<\/h2>\t\t<\/div>\n\t\t\t\t<\/div>\n\t\t\t\t\t<\/div>\n\t\t\t\t<\/div>\n\t\t<div class=\"elementor-element elementor-element-f264d43 e-flex e-con-boxed e-con e-parent\" data-id=\"f264d43\" data-element_type=\"container\">\n\t\t\t\t\t<div class=\"e-con-inner\">\n\t\t\t\t<div class=\"elementor-element elementor-element-5fc4a45 elementor-widget elementor-widget-text-editor\" data-id=\"5fc4a45\" data-element_type=\"widget\" data-widget_type=\"text-editor.default\">\n\t\t\t\t<div class=\"elementor-widget-container\">\n\t\t\t\t\t\t\t<p>Wir verwenden zwei Arten von Cookies<\/p><p><br \/><strong>(1) grundlegende Cookies,<\/strong> die verarbeitet werden m\u00fcssen und ohne die die Funktionalit\u00e4t unserer Website f\u00fcr die Nutzer*innen eingeschr\u00e4nkt w\u00e4re, z. B.: Ihr Login und Passwort, IP-Adresse, Datum und Uhrzeit der Nutzung, \u00fcbertragene Datenmenge, Browser- und Spracheinstellungen, Version der Browser-Software und Betriebssystem.<\/p><p><br \/><strong>(2) zus\u00e4tzliche Cookies<\/strong>, die das Erlebnis bei der Nutzung der Website betreffen und f\u00fcr die Analyse der Website und f\u00fcr Marketingzwecke verwendet werden.<\/p>\t\t\t\t\t\t<\/div>\n\t\t\t\t<\/div>\n\t\t\t\t\t<\/div>\n\t\t\t\t<\/div>\n\t\t<div class=\"elementor-element elementor-element-a95e974 e-flex e-con-boxed e-con e-parent\" data-id=\"a95e974\" data-element_type=\"container\">\n\t\t\t\t\t<div class=\"e-con-inner\">\n\t\t\t\t<div class=\"elementor-element elementor-element-3cd777b elementor-widget elementor-widget-heading\" data-id=\"3cd777b\" data-element_type=\"widget\" data-widget_type=\"heading.default\">\n\t\t\t\t<div class=\"elementor-widget-container\">\n\t\t\t<h2 class=\"elementor-heading-title elementor-size-default\">Zustimmung zur Verwendung von Cookies<\/h2>\t\t<\/div>\n\t\t\t\t<\/div>\n\t\t\t\t\t<\/div>\n\t\t\t\t<\/div>\n\t\t<div class=\"elementor-element elementor-element-053a22c e-flex e-con-boxed e-con e-parent\" data-id=\"053a22c\" data-element_type=\"container\">\n\t\t\t\t\t<div class=\"e-con-inner\">\n\t\t\t\t<div class=\"elementor-element elementor-element-dea61d8 elementor-widget elementor-widget-text-editor\" data-id=\"dea61d8\" data-element_type=\"widget\" data-widget_type=\"text-editor.default\">\n\t\t\t\t<div class=\"elementor-widget-container\">\n\t\t\t\t\t\t\t<p>F\u00fcr die Verwendung von Basis-Cookies ben\u00f6tigen wir keine gesonderte Zustimmung der Nutzer*innen.<br \/>F\u00fcr die Verwendung zus\u00e4tzlicher Cookies ben\u00f6tigen wir jedoch die vorherige Zustimmung der Nutzer*innen.<br \/>Dementsprechend wird beim ersten Besuch der Website ein Banner auf den Bildschirmen der Ger\u00e4te der Nutzer*innen erscheinen, in dem sie aufgefordert werden, uns ihre Zustimmung zur Verwendung zus\u00e4tzlicher Cookies zu geben.<br \/>Wenn eine solche Zustimmung bereits erteilt wurde, erscheint das Banner erst dann wieder, wenn sie widerrufen wurde oder die Verwendung von Cookies durch das Unternehmen eingestellt wurde.<\/p>\t\t\t\t\t\t<\/div>\n\t\t\t\t<\/div>\n\t\t\t\t\t<\/div>\n\t\t\t\t<\/div>\n\t\t<div class=\"elementor-element elementor-element-db8bd82 e-flex e-con-boxed e-con e-parent\" data-id=\"db8bd82\" data-element_type=\"container\">\n\t\t\t\t\t<div class=\"e-con-inner\">\n\t\t\t\t<div class=\"elementor-element elementor-element-b0859b8 elementor-widget elementor-widget-heading\" data-id=\"b0859b8\" data-element_type=\"widget\" data-widget_type=\"heading.default\">\n\t\t\t\t<div class=\"elementor-widget-container\">\n\t\t\t<h2 class=\"elementor-heading-title elementor-size-default\">Cookies ablehnen<\/h2>\t\t<\/div>\n\t\t\t\t<\/div>\n\t\t\t\t\t<\/div>\n\t\t\t\t<\/div>\n\t\t<div class=\"elementor-element elementor-element-579e35e e-flex e-con-boxed e-con e-parent\" data-id=\"579e35e\" data-element_type=\"container\">\n\t\t\t\t\t<div class=\"e-con-inner\">\n\t\t\t\t<div class=\"elementor-element elementor-element-32bbcc6 elementor-widget elementor-widget-text-editor\" data-id=\"32bbcc6\" data-element_type=\"widget\" data-widget_type=\"text-editor.default\">\n\t\t\t\t<div class=\"elementor-widget-container\">\n\t\t\t\t\t\t\t<p>Sie k\u00f6nnen der Verwendung von Cookies, denen Sie zuvor zugestimmt haben, jederzeit widersprechen, indem Sie die entsprechenden Einstellungen in Ihrem Browser \u00e4ndern oder uns eine SMS an <strong>hello@dzygaspaw.com schicken.<\/strong><\/p>\n\t\t\t\t\t\t<\/div>\n\t\t\t\t<\/div>\n\t\t\t\t\t<\/div>\n\t\t\t\t<\/div>\n\t\t<div class=\"elementor-element elementor-element-0a4089e e-flex e-con-boxed e-con e-parent\" data-id=\"0a4089e\" data-element_type=\"container\">\n\t\t\t\t\t<div class=\"e-con-inner\">\n\t\t\t\t<div class=\"elementor-element elementor-element-16ea32e elementor-widget elementor-widget-heading\" data-id=\"16ea32e\" data-element_type=\"widget\" data-widget_type=\"heading.default\">\n\t\t\t\t<div class=\"elementor-widget-container\">\n\t\t\t<h2 class=\"elementor-heading-title elementor-size-default\">Google Analytics<\/h2>\t\t<\/div>\n\t\t\t\t<\/div>\n\t\t\t\t\t<\/div>\n\t\t\t\t<\/div>\n\t\t<div class=\"elementor-element elementor-element-837adf1 e-flex e-con-boxed e-con e-parent\" data-id=\"837adf1\" data-element_type=\"container\">\n\t\t\t\t\t<div class=\"e-con-inner\">\n\t\t\t\t<div class=\"elementor-element elementor-element-eba0682 elementor-widget elementor-widget-text-editor\" data-id=\"eba0682\" data-element_type=\"widget\" data-widget_type=\"text-editor.default\">\n\t\t\t\t<div class=\"elementor-widget-container\">\n\t\t\t\t\t\t\t<p>Unsere Website verwendet Google Analytics, ein webbasiertes Analysetool, das die Nutzung der Website verfolgt und dar\u00fcber berichtet, um uns bei der Verbesserung der Website zu helfen.<br \/>Google Analytics wird Ihre Nutzung unserer Website in unserem Auftrag analysieren.<\/p><p><br \/>Google Analytics tut dies, indem es \u201cCookies\u201d auf Ihrem Ger\u00e4t platziert.<br \/>Die von den Cookies gesammelten Informationen, wie z.B. die Anzahl der Besucher der Website, die besuchten Seiten und die Verweildauer eines Besuchers auf der Website, werden aggregiert und sind daher anonym.<\/p><p><br \/>Sie k\u00f6nnen Ihre Zustimmung zur Verwendung von Google Analytics jederzeit widerrufen.<\/p><p>Weitere Informationen zu Google Analytics finden Sie in den <strong><br \/><a href=\"https:\/\/marketingplatform.google.com\/about\/analytics\/terms\/us\/\" rel=\"nofollow noopener\" target=\"_blank\">Google Analytics-Nutzungsbedingungen<\/a><\/strong>, den <strong><br \/><a href=\"https:\/\/support.google.com\/analytics\/answer\/6004245?hl=en-GB\" rel=\"nofollow noopener\" target=\"_blank\">Datenschutzrichtlinien von Google Analytics <\/a><\/strong>und in den <strong><a href=\"https:\/\/policies.google.com\/privacy?hl=en\" rel=\"nofollow noopener\" target=\"_blank\">Google Datenschutzbestimmungen<\/a>.<\/strong><\/p>\t\t\t\t\t\t<\/div>\n\t\t\t\t<\/div>\n\t\t\t\t\t<\/div>\n\t\t\t\t<\/div>\n\t\t\t\t<\/div>\n\t\t","protected":false},"excerpt":{"rendered":"<p>Cookies-Richtlinie Zuletzt \u00fcberarbeitet am 17\/01\/2024 Wir m\u00f6chten Sie dar\u00fcber informieren, dass wir Cookies oder \u00e4hnliche Technologien verwenden, um Trends zu analysieren, die Website zu verwalten, die Bewegungen der Nutzer*innen auf der Website zu verfolgen und demografische Informationen \u00fcber unsere Benutzerbasis insgesamt zu sammeln. Zwecke der Verwendung von Cookies Cookies sind kleine Dateien, die im Speicher [&hellip;]<\/p>\n","protected":false},"author":2,"featured_media":0,"parent":0,"menu_order":0,"comment_status":"closed","ping_status":"closed","template":"","meta":{"_acf_changed":false,"footnotes":""},"class_list":["post-31498","page","type-page","status-publish","hentry"],"acf":[],"_links":{"self":[{"href":"https:\/\/dzygaspaw.com\/de\/wp-json\/wp\/v2\/pages\/31498"}],"collection":[{"href":"https:\/\/dzygaspaw.com\/de\/wp-json\/wp\/v2\/pages"}],"about":[{"href":"https:\/\/dzygaspaw.com\/de\/wp-json\/wp\/v2\/types\/page"}],"author":[{"embeddable":true,"href":"https:\/\/dzygaspaw.com\/de\/wp-json\/wp\/v2\/users\/2"}],"replies":[{"embeddable":true,"href":"https:\/\/dzygaspaw.com\/de\/wp-json\/wp\/v2\/comments?post=31498"}],"version-history":[{"count":4,"href":"https:\/\/dzygaspaw.com\/de\/wp-json\/wp\/v2\/pages\/31498\/revisions"}],"predecessor-version":[{"id":31674,"href":"https:\/\/dzygaspaw.com\/de\/wp-json\/wp\/v2\/pages\/31498\/revisions\/31674"}],"wp:attachment":[{"href":"https:\/\/dzygaspaw.com\/de\/wp-json\/wp\/v2\/media?parent=31498"}],"curies":[{"name":"wp","href":"https:\/\/api.w.org\/{rel}","templated":true}]}}